{"id":12529,"date":"2024-09-09T10:13:03","date_gmt":"2024-09-09T10:13:03","guid":{"rendered":"https:\/\/immp.co\/?page_id=12529"},"modified":"2026-02-20T18:19:00","modified_gmt":"2026-02-20T18:19:00","slug":"contact-us","status":"publish","type":"page","link":"https:\/\/immp.co\/az\/contact-us\/","title":{"rendered":"Biziml\u0259 \u0259laq\u0259 saxlay\u0131n"},"content":{"rendered":"\t\t<div data-elementor-type=\"wp-page\" data-elementor-id=\"12529\" class=\"elementor elementor-12529 elementor-2452\" data-elementor-post-type=\"page\">\n\t\t\t\t<div class=\"elementor-element elementor-element-659c652 e-flex e-con-boxed e-con e-parent\" data-id=\"659c652\" data-element_type=\"container\">\n\t\t\t\t\t<div class=\"e-con-inner\">\n\t\t<div class=\"elementor-element elementor-element-6145492 e-con-full elementor-hidden-mobile e-flex e-con e-child\" data-id=\"6145492\" data-element_type=\"container\">\n\t\t<div class=\"elementor-element elementor-element-8ab34d1 e-grid e-con-full e-con e-child\" data-id=\"8ab34d1\" data-element_type=\"container\">\n\t\t<div class=\"elementor-element elementor-element-9e5c04e e-grid e-con-full e-con e-child\" data-id=\"9e5c04e\" data-element_type=\"container\">\n\t\t\t\t<div class=\"elementor-element elementor-element-4c843cb elementor-widget__width-initial elementor-widget elementor-widget-heading\" data-id=\"4c843cb\" data-element_type=\"widget\" data-widget_type=\"heading.default\">\n\t\t\t\t<div class=\"elementor-widget-container\">\n\t\t\t\t\t<h2 class=\"elementor-heading-title elementor-size-default\">Biziml\u0259 \u0259laq\u0259 saxlay\u0131n<\/h2>\t\t\t\t<\/div>\n\t\t\t\t<\/div>\n\t\t\t\t<div class=\"elementor-element elementor-element-10cfd58 elementor-widget-divider--view-line elementor-widget elementor-widget-divider\" data-id=\"10cfd58\" data-element_type=\"widget\" data-widget_type=\"divider.default\">\n\t\t\t\t<div class=\"elementor-widget-container\">\n\t\t\t\t\t\t\t<div class=\"elementor-divider\">\n\t\t\t<span class=\"elementor-divider-separator\">\n\t\t\t\t\t\t<\/span>\n\t\t<\/div>\n\t\t\t\t\t\t<\/div>\n\t\t\t\t<\/div>\n\t\t\t\t<div class=\"elementor-element elementor-element-f04e835 elementor-widget__width-initial elementor-button-align-stretch elementor-widget elementor-widget-form\" data-id=\"f04e835\" data-element_type=\"widget\" data-settings=\"{&quot;step_next_label&quot;:&quot;\\u0628\\u0639\\u062f\\u06cc&quot;,&quot;step_previous_label&quot;:&quot;\\u0642\\u0628\\u0644&quot;,&quot;button_width&quot;:&quot;100&quot;,&quot;step_type&quot;:&quot;number_text&quot;,&quot;step_icon_shape&quot;:&quot;circle&quot;}\" data-widget_type=\"form.default\">\n\t\t\t\t<div class=\"elementor-widget-container\">\n\t\t\t\t\t\t\t<form class=\"elementor-form\" method=\"post\" name=\"\u0641\u0631\u0645 \u0627\u0631\u062a\u0628\u0627\u0637 \u0628\u0627 \u0645\u0627\" aria-label=\"\u0641\u0631\u0645 \u0627\u0631\u062a\u0628\u0627\u0637 \u0628\u0627 \u0645\u0627\">\n\t\t\t<input type=\"hidden\" name=\"post_id\" value=\"12529\"\/>\n\t\t\t<input type=\"hidden\" name=\"form_id\" value=\"f04e835\"\/>\n\t\t\t<input type=\"hidden\" name=\"referer_title\" value=\"mazandaran mariene propeller\" \/>\n\n\t\t\t\n\t\t\t<div class=\"elementor-form-fields-wrapper elementor-labels-above\">\n\t\t\t\t\t\t\t\t<div class=\"elementor-field-type-text elementor-field-group elementor-column elementor-field-group-name elementor-col-100 elementor-field-required\">\n\t\t\t\t\t\t\t\t\t\t\t\t<label for=\"form-field-name\" class=\"elementor-field-label\">\n\t\t\t\t\t\t\t\t \t\t\t\t\t\t\t\tAd v\u0259 soyad\t\t\t\t\t\t\t\t\t\t\t\t\t\t<\/label>\n\t\t\t\t\t\t\t\t\t\t\t\t\t\t<input size=\"1\" type=\"text\" name=\"form_fields[name]\" id=\"form-field-name\" class=\"elementor-field elementor-size-sm  elementor-field-textual\" placeholder=\"Ad\u0131n\u0131z\u0131 v\u0259 soyad\u0131n\u0131z\u0131 daxil edin...\" required=\"required\">\n\t\t\t\t\t\t\t\t\t\t\t<\/div>\n\t\t\t\t\t\t\t\t<div class=\"elementor-field-type-tel elementor-field-group elementor-column elementor-field-group-field_d7d856f elementor-col-100 elementor-field-required\">\n\t\t\t\t\t\t\t\t\t\t\t\t<label for=\"form-field-field_d7d856f\" class=\"elementor-field-label\">\n\t\t\t\t\t\t\t\t \t\t\t\t\t\t\t\tMobil n\u00f6mr\u0259\t\t\t\t\t\t\t\t\t\t\t\t\t\t<\/label>\n\t\t\t\t\t\t<span class=\"ccfef-editor-intl-input\" data-id=\"form-field-field_d7d856f\" data-field-id=\"d7d856f\" data-default-country=\"ir\" data-include-countries=\"\" data-exclude-countries=\"\" data-dial-code-visibility=\"show\" data-strict-mode=\"no\" style=\"display: none;\"><\/span>\t\t<input size=\"1\" type=\"tel\" name=\"form_fields[field_d7d856f]\" id=\"form-field-field_d7d856f\" class=\"elementor-field elementor-size-sm  elementor-field-textual\" placeholder=\"0900000\" required=\"required\" pattern=\"[0-9()#&amp;+*-=.]+\" title=\"Only numbers and phone characters (#, -, *, etc) are accepted.\">\n\n\t\t\t\t\t\t<\/div>\n\t\t\t\t\t\t\t\t<div class=\"elementor-field-type-email elementor-field-group elementor-column elementor-field-group-email elementor-col-100 elementor-field-required\">\n\t\t\t\t\t\t\t\t\t\t\t\t<label for=\"form-field-email\" class=\"elementor-field-label\">\n\t\t\t\t\t\t\t\t\t\t\t\t\t\t\t\tMesaj\t\t\t\t\t\t\t\t\t\t\t\t\t\t<\/label>\n\t\t\t\t\t\t\t\t\t\t\t\t\t\t<input size=\"1\" type=\"email\" name=\"form_fields[email]\" id=\"form-field-email\" class=\"elementor-field elementor-size-sm  elementor-field-textual\" placeholder=\"Mesaj\u0131n\u0131z\u0131 yaz\u0131n...\" required=\"required\">\n\t\t\t\t\t\t\t\t\t\t\t<\/div>\n\t\t\t\t\t\t\t\t<div class=\"elementor-field-type-textarea elementor-field-group elementor-column elementor-field-group-message elementor-col-100 elementor-field-required\">\n\t\t\t\t\t\t\t\t\t\t\t\t<label for=\"form-field-message\" class=\"elementor-field-label\">\n\t\t\t\t\t\t\t\t \t\t\t\t\t\t\t\tMesaj\t\t\t\t\t\t\t\t\t\t\t\t\t\t<\/label>\n\t\t\t\t\t\t<textarea class=\"elementor-field-textual elementor-field  elementor-size-sm\" name=\"form_fields[message]\" id=\"form-field-message\" rows=\"4\" placeholder=\"Mesaj\u0131n\u0131z\u0131 yaz\u0131n...\" required=\"required\"><\/textarea>\t\t\t\t<\/div>\n\t\t\t\t\t\t\t\t<div class=\"elementor-field-group elementor-column elementor-field-type-submit elementor-col-100 e-form__buttons\">\n\t\t\t\t\t<button class=\"elementor-button elementor-size-sm\" type=\"submit\">\n\t\t\t\t\t\t<span class=\"elementor-button-content-wrapper\">\n\t\t\t\t\t\t\t\t\t\t\t\t\t\t\t\t\t\t\t\t\t\t<span class=\"elementor-button-text\">G\u00f6nd\u0259r<\/span>\n\t\t\t\t\t\t\t\t\t\t\t\t\t<\/span>\n\t\t\t\t\t<\/button>\n\t\t\t\t<\/div>\n\t\t\t<\/div>\n\t\t<\/form>\n\t\t\t\t\t\t<\/div>\n\t\t\t\t<\/div>\n\t\t\t\t<\/div>\n\t\t\t\t<div class=\"elementor-element elementor-element-8b1658e elementor-widget__width-inherit elementor-widget elementor-widget-html\" data-id=\"8b1658e\" data-element_type=\"widget\" data-widget_type=\"html.default\">\n\t\t\t\t<div class=\"elementor-widget-container\">\n\t\t\t\t\t<iframe src=\"https:\/\/www.google.com\/maps\/embed?pb=!1m10!1m8!1m3!1d199.64049503747376!2d50.88662801264307!3d36.81257862734947!3m2!1i1024!2i768!4f13.1!5e0!3m2!1sen!2s!4v1767696689423!5m2!1sen!2s\" width=\"800\" height=\"700\" style=\"border:0;\" allowfullscreen=\"\" loading=\"lazy\" referrerpolicy=\"no-referrer-when-downgrade\"><\/iframe>\t\t\t\t<\/div>\n\t\t\t\t<\/div>\n\t\t\t\t<\/div>\n\t\t\t\t<\/div>\n\t\t<div class=\"elementor-element elementor-element-a901268 e-con-full elementor-hidden-desktop elementor-hidden-tablet e-flex e-con e-child\" data-id=\"a901268\" data-element_type=\"container\">\n\t\t<div class=\"elementor-element elementor-element-e3c9bca e-grid e-con-full e-con e-child\" data-id=\"e3c9bca\" data-element_type=\"container\">\n\t\t\t\t<div class=\"elementor-element elementor-element-d92dbac elementor-widget__width-inherit map-html elementor-hidden-desktop elementor-hidden-tablet elementor-widget elementor-widget-html\" data-id=\"d92dbac\" data-element_type=\"widget\" data-widget_type=\"html.default\">\n\t\t\t\t<div class=\"elementor-widget-container\">\n\t\t\t\t\t<iframe src=\"https:\/\/www.google.com\/maps\/embed?pb=!1m14!1m8!1m3!1d5389.959820168037!2d52.67532723536637!3d36.556782415766065!3m2!1i1024!2i768!4f13.1!3m3!1m2!1s0x3f8f8989ba72a4f7%3A0xb9fc9bbb5fa9e7eb!2zQmFnaCBGZXJkb3dzIFNxdWFyZSAo2YXbjNiv2KfZhiDYqNin2Log2YHYsdiv2YjYsyk!5e0!3m2!1sen!2sus!4v1725889498715!5m2!1sen!2sus\" width=\"800\" height=\"900\" style=\"border:0;\" allowfullscreen=\"\" loading=\"lazy\" referrerpolicy=\"no-referrer-when-downgrade\"><\/iframe>\t\t\t\t<\/div>\n\t\t\t\t<\/div>\n\t\t<div class=\"elementor-element elementor-element-240572d e-grid e-con-full elementor-hidden-desktop elementor-hidden-tablet e-con e-child\" data-id=\"240572d\" data-element_type=\"container\">\n\t\t\t\t<div class=\"elementor-element elementor-element-fac0627 elementor-widget__width-initial elementor-widget-mobile__width-inherit elementor-widget elementor-widget-heading\" data-id=\"fac0627\" data-element_type=\"widget\" data-widget_type=\"heading.default\">\n\t\t\t\t<div class=\"elementor-widget-container\">\n\t\t\t\t\t<h2 class=\"elementor-heading-title elementor-size-default\">Biziml\u0259 \u0259laq\u0259 saxlay\u0131n\n<\/h2>\t\t\t\t<\/div>\n\t\t\t\t<\/div>\n\t\t\t\t<div class=\"elementor-element elementor-element-55160f1 elementor-widget-divider--view-line elementor-widget elementor-widget-divider\" data-id=\"55160f1\" data-element_type=\"widget\" data-widget_type=\"divider.default\">\n\t\t\t\t<div class=\"elementor-widget-container\">\n\t\t\t\t\t\t\t<div class=\"elementor-divider\">\n\t\t\t<span class=\"elementor-divider-separator\">\n\t\t\t\t\t\t<\/span>\n\t\t<\/div>\n\t\t\t\t\t\t<\/div>\n\t\t\t\t<\/div>\n\t\t\t\t<div class=\"elementor-element elementor-element-e9faa08 elementor-widget__width-initial elementor-widget-mobile__width-inherit elementor-button-align-stretch elementor-widget elementor-widget-form\" data-id=\"e9faa08\" data-element_type=\"widget\" data-settings=\"{&quot;step_next_label&quot;:&quot;\\u0628\\u0639\\u062f\\u06cc&quot;,&quot;step_previous_label&quot;:&quot;\\u0642\\u0628\\u0644&quot;,&quot;button_width&quot;:&quot;100&quot;,&quot;step_type&quot;:&quot;number_text&quot;,&quot;step_icon_shape&quot;:&quot;circle&quot;}\" data-widget_type=\"form.default\">\n\t\t\t\t<div class=\"elementor-widget-container\">\n\t\t\t\t\t\t\t<form class=\"elementor-form\" method=\"post\" name=\"\u0641\u0631\u0645 \u0627\u0631\u062a\u0628\u0627\u0637 \u0628\u0627 \u0645\u0627\" aria-label=\"\u0641\u0631\u0645 \u0627\u0631\u062a\u0628\u0627\u0637 \u0628\u0627 \u0645\u0627\">\n\t\t\t<input type=\"hidden\" name=\"post_id\" value=\"12529\"\/>\n\t\t\t<input type=\"hidden\" name=\"form_id\" value=\"e9faa08\"\/>\n\t\t\t<input type=\"hidden\" name=\"referer_title\" value=\"mazandaran mariene propeller\" \/>\n\n\t\t\t\n\t\t\t<div class=\"elementor-form-fields-wrapper elementor-labels-above\">\n\t\t\t\t\t\t\t\t<div class=\"elementor-field-type-text elementor-field-group elementor-column elementor-field-group-name elementor-col-100 elementor-field-required\">\n\t\t\t\t\t\t\t\t\t\t\t\t<label for=\"form-field-name\" class=\"elementor-field-label\">\n\t\t\t\t\t\t\t\tAd v\u0259 soyad\t\t\t\t\t\t\t<\/label>\n\t\t\t\t\t\t\t\t\t\t\t\t\t\t<input size=\"1\" type=\"text\" name=\"form_fields[name]\" id=\"form-field-name\" class=\"elementor-field elementor-size-sm  elementor-field-textual\" placeholder=\"Ad\u0131n\u0131z\u0131 v\u0259 soyad\u0131n\u0131z\u0131 daxil edin...\" required=\"required\">\n\t\t\t\t\t\t\t\t\t\t\t<\/div>\n\t\t\t\t\t\t\t\t<div class=\"elementor-field-type-text elementor-field-group elementor-column elementor-field-group-field_4fc79fd elementor-col-100\">\n\t\t\t\t\t\t\t\t\t\t\t\t<label for=\"form-field-field_4fc79fd\" class=\"elementor-field-label\">\n\t\t\t\t\t\t\t\tMobil n\u00f6mr\u0259\t\t\t\t\t\t\t<\/label>\n\t\t\t\t\t\t\t\t\t\t\t\t\t\t<input size=\"1\" type=\"text\" name=\"form_fields[field_4fc79fd]\" id=\"form-field-field_4fc79fd\" class=\"elementor-field elementor-size-sm  elementor-field-textual\">\n\t\t\t\t\t\t\t\t\t\t\t<\/div>\n\t\t\t\t\t\t\t\t<div class=\"elementor-field-type-email elementor-field-group elementor-column elementor-field-group-email elementor-col-100 elementor-field-required\">\n\t\t\t\t\t\t\t\t\t\t\t\t<label for=\"form-field-email\" class=\"elementor-field-label\">\n\t\t\t\t\t\t\t\tMesaj\t\t\t\t\t\t\t<\/label>\n\t\t\t\t\t\t\t\t\t\t\t\t\t\t<input size=\"1\" type=\"email\" name=\"form_fields[email]\" id=\"form-field-email\" class=\"elementor-field elementor-size-sm  elementor-field-textual\" placeholder=\"Mesaj\u0131n\u0131z\u0131 yaz\u0131n...\" required=\"required\">\n\t\t\t\t\t\t\t\t\t\t\t<\/div>\n\t\t\t\t\t\t\t\t<div class=\"elementor-field-type-textarea elementor-field-group elementor-column elementor-field-group-message elementor-col-100 elementor-field-required\">\n\t\t\t\t\t\t\t\t\t\t\t\t<label for=\"form-field-message\" class=\"elementor-field-label\">\n\t\t\t\t\t\t\t\tMesaj\t\t\t\t\t\t\t<\/label>\n\t\t\t\t\t\t<textarea class=\"elementor-field-textual elementor-field  elementor-size-sm\" name=\"form_fields[message]\" id=\"form-field-message\" rows=\"4\" placeholder=\"Mesaj\u0131n\u0131z\u0131 yaz\u0131n...\" required=\"required\"><\/textarea>\t\t\t\t<\/div>\n\t\t\t\t\t\t\t\t<div class=\"elementor-field-group elementor-column elementor-field-type-submit elementor-col-100 e-form__buttons\">\n\t\t\t\t\t<button class=\"elementor-button elementor-size-sm\" type=\"submit\">\n\t\t\t\t\t\t<span class=\"elementor-button-content-wrapper\">\n\t\t\t\t\t\t\t\t\t\t\t\t\t\t\t\t\t\t\t\t\t\t<span class=\"elementor-button-text\">G\u00f6nd\u0259r<\/span>\n\t\t\t\t\t\t\t\t\t\t\t\t\t<\/span>\n\t\t\t\t\t<\/button>\n\t\t\t\t<\/div>\n\t\t\t<\/div>\n\t\t<\/form>\n\t\t\t\t\t\t<\/div>\n\t\t\t\t<\/div>\n\t\t\t\t<\/div>\n\t\t\t\t<\/div>\n\t\t\t\t<\/div>\n\t\t\t\t\t<\/div>\n\t\t\t\t<\/div>\n\t\t<div class=\"elementor-element elementor-element-a947e86 e-flex e-con-boxed e-con e-parent\" data-id=\"a947e86\" data-element_type=\"container\">\n\t\t\t\t\t<div class=\"e-con-inner\">\n\t\t<div class=\"elementor-element elementor-element-d3e373a e-con-full e-flex e-con e-child\" data-id=\"d3e373a\" data-element_type=\"container\">\n\t\t<div class=\"elementor-element elementor-element-0eae808 e-grid e-con-full e-con e-child\" data-id=\"0eae808\" data-element_type=\"container\">\n\t\t\t\t<div class=\"elementor-element elementor-element-676b71a elementor-widget elementor-widget-image\" data-id=\"676b71a\" data-element_type=\"widget\" data-widget_type=\"image.default\">\n\t\t\t\t<div class=\"elementor-widget-container\">\n\t\t\t\t\t\t\t\t\t\t\t\t\t\t\t<img fetchpriority=\"high\" decoding=\"async\" width=\"501\" height=\"417\" src=\"https:\/\/immp.co\/wp-content\/uploads\/2024\/09\/loc.png\" class=\"attachment-large size-large wp-image-12485\" alt=\"\" srcset=\"https:\/\/immp.co\/wp-content\/uploads\/2024\/09\/loc.png 501w, https:\/\/immp.co\/wp-content\/uploads\/2024\/09\/loc-300x250.png 300w\" sizes=\"(max-width: 501px) 100vw, 501px\" \/>\t\t\t\t\t\t\t\t\t\t\t\t\t\t\t<\/div>\n\t\t\t\t<\/div>\n\t\t\t\t<div class=\"elementor-element elementor-element-b1c0772 elementor-widget elementor-widget-text-editor\" data-id=\"b1c0772\" data-element_type=\"widget\" data-widget_type=\"text-editor.default\">\n\t\t\t\t<div class=\"elementor-widget-container\">\n\t\t\t\t\t\t\t\t\t<h4><strong><span dir=\"auto\">\u00dcnvan:<\/span><\/strong><\/h4><p><span dir=\"auto\">Mazandaran: Tonekabon, Islamic Republic<\/span><br \/><span dir=\"auto\">of Tehran: Festival Street<\/span><\/p>\t\t\t\t\t\t\t\t<\/div>\n\t\t\t\t<\/div>\n\t\t\t\t<\/div>\n\t\t\t\t<\/div>\n\t\t<div class=\"elementor-element elementor-element-7fbcd48 e-con-full e-flex e-con e-child\" data-id=\"7fbcd48\" data-element_type=\"container\">\n\t\t<div class=\"elementor-element elementor-element-abd7fc7 e-grid e-con-full e-con e-child\" data-id=\"abd7fc7\" data-element_type=\"container\">\n\t\t\t\t<div class=\"elementor-element elementor-element-a938d2f elementor-widget elementor-widget-image\" data-id=\"a938d2f\" data-element_type=\"widget\" data-widget_type=\"image.default\">\n\t\t\t\t<div class=\"elementor-widget-container\">\n\t\t\t\t\t\t\t\t\t\t\t\t\t\t\t<img decoding=\"async\" width=\"473\" height=\"435\" src=\"https:\/\/immp.co\/wp-content\/uploads\/2024\/09\/ema.png\" class=\"attachment-large size-large wp-image-12491\" alt=\"\" srcset=\"https:\/\/immp.co\/wp-content\/uploads\/2024\/09\/ema.png 473w, https:\/\/immp.co\/wp-content\/uploads\/2024\/09\/ema-300x276.png 300w\" sizes=\"(max-width: 473px) 100vw, 473px\" \/>\t\t\t\t\t\t\t\t\t\t\t\t\t\t\t<\/div>\n\t\t\t\t<\/div>\n\t\t\t\t<div class=\"elementor-element elementor-element-da1101b elementor-widget elementor-widget-text-editor\" data-id=\"da1101b\" data-element_type=\"widget\" data-widget_type=\"text-editor.default\">\n\t\t\t\t<div class=\"elementor-widget-container\">\n\t\t\t\t\t\t\t\t\t<h4><strong><span dir=\"auto\">E-po\u00e7t:<\/span><br \/><\/strong><strong><span dir=\"auto\">info@immp.co<\/span><\/strong><\/h4>\t\t\t\t\t\t\t\t<\/div>\n\t\t\t\t<\/div>\n\t\t\t\t<\/div>\n\t\t\t\t<\/div>\n\t\t<div class=\"elementor-element elementor-element-154b374 e-con-full e-flex e-con e-child\" data-id=\"154b374\" data-element_type=\"container\">\n\t\t<div class=\"elementor-element elementor-element-2ccaced e-grid e-con-full e-con e-child\" data-id=\"2ccaced\" data-element_type=\"container\">\n\t\t\t\t<div class=\"elementor-element elementor-element-8ab90d6 elementor-widget elementor-widget-image\" data-id=\"8ab90d6\" data-element_type=\"widget\" data-widget_type=\"image.default\">\n\t\t\t\t<div class=\"elementor-widget-container\">\n\t\t\t\t\t\t\t\t\t\t\t\t\t\t\t<img decoding=\"async\" width=\"478\" height=\"450\" src=\"https:\/\/immp.co\/wp-content\/uploads\/2024\/09\/cal.png\" class=\"attachment-large size-large wp-image-12497\" alt=\"\" srcset=\"https:\/\/immp.co\/wp-content\/uploads\/2024\/09\/cal.png 478w, https:\/\/immp.co\/wp-content\/uploads\/2024\/09\/cal-300x282.png 300w\" sizes=\"(max-width: 478px) 100vw, 478px\" \/>\t\t\t\t\t\t\t\t\t\t\t\t\t\t\t<\/div>\n\t\t\t\t<\/div>\n\t\t\t\t<div class=\"elementor-element elementor-element-1e71377 elementor-widget elementor-widget-text-editor\" data-id=\"1e71377\" data-element_type=\"widget\" data-widget_type=\"text-editor.default\">\n\t\t\t\t<div class=\"elementor-widget-container\">\n\t\t\t\t\t\t\t\t\t<h4><strong><span dir=\"auto\">\u018flaq\u0259 n\u00f6mr\u0259si:<\/span><\/strong><\/h4><p><span dir=\"auto\">+982177341595<\/span><br \/><span dir=\"auto\">+989112867239<\/span><\/p>\t\t\t\t\t\t\t\t<\/div>\n\t\t\t\t<\/div>\n\t\t\t\t<\/div>\n\t\t\t\t<\/div>\n\t\t\t\t\t<\/div>\n\t\t\t\t<\/div>\n\t\t\t\t<\/div>\n\t\t","protected":false},"excerpt":{"rendered":"<p>Biziml\u0259 \u0259laq\u0259 saxlay\u0131n Biziml\u0259 \u0259laq\u0259 saxlay\u0131n \u00dcnvan: Mazandaran: Tonekabon, Islamic Republicof Tehran: Festival Street E-po\u00e7t:info@immp.co \u018flaq\u0259 n\u00f6mr\u0259si: +982177341595+989112867239<\/p>\n","protected":false},"author":1,"featured_media":0,"parent":0,"menu_order":0,"comment_status":"closed","ping_status":"closed","template":"","meta":{"footnotes":""},"class_list":["post-12529","page","type-page","status-publish","hentry"],"yoast_head":"<!-- This site is optimized with the Yoast SEO plugin v22.9 - https:\/\/yoast.com\/wordpress\/plugins\/seo\/ -->\n<title>Biziml\u0259 \u0259laq\u0259 saxlay\u0131n - mazandaran mariene propeller<\/title>\n<meta name=\"robots\" content=\"index, follow, max-snippet:-1, max-image-preview:large, max-video-preview:-1\" \/>\n<link rel=\"canonical\" href=\"https:\/\/immp.co\/az\/contact-us\/\" \/>\n<meta property=\"og:locale\" content=\"az_AZ\" \/>\n<meta property=\"og:type\" content=\"article\" \/>\n<meta property=\"og:title\" content=\"Biziml\u0259 \u0259laq\u0259 saxlay\u0131n - mazandaran mariene propeller\" \/>\n<meta property=\"og:description\" content=\"Biziml\u0259 \u0259laq\u0259 saxlay\u0131n Biziml\u0259 \u0259laq\u0259 saxlay\u0131n \u00dcnvan: Mazandaran: Tonekabon, Islamic Republicof Tehran: Festival Street E-po\u00e7t:info@immp.co \u018flaq\u0259 n\u00f6mr\u0259si: +982177341595+989112867239\" \/>\n<meta property=\"og:url\" content=\"https:\/\/immp.co\/az\/contact-us\/\" \/>\n<meta property=\"og:site_name\" content=\"mazandaran mariene propeller\" \/>\n<meta property=\"article:modified_time\" content=\"2026-02-20T18:19:00+00:00\" \/>\n<meta property=\"og:image\" content=\"https:\/\/immp.co\/wp-content\/uploads\/2024\/09\/loc.png\" \/>\n<meta name=\"twitter:card\" content=\"summary_large_image\" \/>\n<meta name=\"twitter:label1\" content=\"Est. reading time\" \/>\n\t<meta name=\"twitter:data1\" content=\"4 minutes\" \/>\n<script type=\"application\/ld+json\" class=\"yoast-schema-graph\">{\"@context\":\"https:\/\/schema.org\",\"@graph\":[{\"@type\":\"WebPage\",\"@id\":\"https:\/\/immp.co\/az\/contact-us\/\",\"url\":\"https:\/\/immp.co\/az\/contact-us\/\",\"name\":\"Biziml\u0259 \u0259laq\u0259 saxlay\u0131n - mazandaran mariene propeller\",\"isPartOf\":{\"@id\":\"https:\/\/immp.co\/#website\"},\"primaryImageOfPage\":{\"@id\":\"https:\/\/immp.co\/az\/contact-us\/#primaryimage\"},\"image\":{\"@id\":\"https:\/\/immp.co\/az\/contact-us\/#primaryimage\"},\"thumbnailUrl\":\"https:\/\/immp.co\/wp-content\/uploads\/2024\/09\/loc.png\",\"datePublished\":\"2024-09-09T10:13:03+00:00\",\"dateModified\":\"2026-02-20T18:19:00+00:00\",\"breadcrumb\":{\"@id\":\"https:\/\/immp.co\/az\/contact-us\/#breadcrumb\"},\"inLanguage\":\"az\",\"potentialAction\":[{\"@type\":\"ReadAction\",\"target\":[\"https:\/\/immp.co\/az\/contact-us\/\"]}]},{\"@type\":\"ImageObject\",\"inLanguage\":\"az\",\"@id\":\"https:\/\/immp.co\/az\/contact-us\/#primaryimage\",\"url\":\"https:\/\/immp.co\/wp-content\/uploads\/2024\/09\/loc.png\",\"contentUrl\":\"https:\/\/immp.co\/wp-content\/uploads\/2024\/09\/loc.png\"},{\"@type\":\"BreadcrumbList\",\"@id\":\"https:\/\/immp.co\/az\/contact-us\/#breadcrumb\",\"itemListElement\":[{\"@type\":\"ListItem\",\"position\":1,\"name\":\"\u062e\u0627\u0646\u0647\",\"item\":\"https:\/\/immp.co\/az\/\"},{\"@type\":\"ListItem\",\"position\":2,\"name\":\"Biziml\u0259 \u0259laq\u0259 saxlay\u0131n\"}]},{\"@type\":\"WebSite\",\"@id\":\"https:\/\/immp.co\/#website\",\"url\":\"https:\/\/immp.co\/\",\"name\":\"mazandaran mariene propeller\",\"description\":\"\",\"publisher\":{\"@id\":\"https:\/\/immp.co\/#organization\"},\"potentialAction\":[{\"@type\":\"SearchAction\",\"target\":{\"@type\":\"EntryPoint\",\"urlTemplate\":\"https:\/\/immp.co\/?s={search_term_string}\"},\"query-input\":\"required name=search_term_string\"}],\"inLanguage\":\"az\"},{\"@type\":\"Organization\",\"@id\":\"https:\/\/immp.co\/#organization\",\"name\":\"mazandaran mariene propeller\",\"url\":\"https:\/\/immp.co\/\",\"logo\":{\"@type\":\"ImageObject\",\"inLanguage\":\"az\",\"@id\":\"https:\/\/immp.co\/#\/schema\/logo\/image\/\",\"url\":\"https:\/\/immp.co\/wp-content\/uploads\/2024\/06\/IMG_20240625_160657_076-e1719486538267_prev_ui-e1724165564263.png\",\"contentUrl\":\"https:\/\/immp.co\/wp-content\/uploads\/2024\/06\/IMG_20240625_160657_076-e1719486538267_prev_ui-e1724165564263.png\",\"width\":100,\"height\":100,\"caption\":\"mazandaran mariene propeller\"},\"image\":{\"@id\":\"https:\/\/immp.co\/#\/schema\/logo\/image\/\"}}]}<\/script>\n<!-- \/ Yoast SEO plugin. -->","yoast_head_json":{"title":"Biziml\u0259 \u0259laq\u0259 saxlay\u0131n - mazandaran mariene propeller","robots":{"index":"index","follow":"follow","max-snippet":"max-snippet:-1","max-image-preview":"max-image-preview:large","max-video-preview":"max-video-preview:-1"},"canonical":"https:\/\/immp.co\/az\/contact-us\/","og_locale":"az_AZ","og_type":"article","og_title":"Biziml\u0259 \u0259laq\u0259 saxlay\u0131n - mazandaran mariene propeller","og_description":"Biziml\u0259 \u0259laq\u0259 saxlay\u0131n Biziml\u0259 \u0259laq\u0259 saxlay\u0131n \u00dcnvan: Mazandaran: Tonekabon, Islamic Republicof Tehran: Festival Street E-po\u00e7t:info@immp.co \u018flaq\u0259 n\u00f6mr\u0259si: +982177341595+989112867239","og_url":"https:\/\/immp.co\/az\/contact-us\/","og_site_name":"mazandaran mariene propeller","article_modified_time":"2026-02-20T18:19:00+00:00","og_image":[{"url":"https:\/\/immp.co\/wp-content\/uploads\/2024\/09\/loc.png"}],"twitter_card":"summary_large_image","twitter_misc":{"Est. reading time":"4 minutes"},"schema":{"@context":"https:\/\/schema.org","@graph":[{"@type":"WebPage","@id":"https:\/\/immp.co\/az\/contact-us\/","url":"https:\/\/immp.co\/az\/contact-us\/","name":"Biziml\u0259 \u0259laq\u0259 saxlay\u0131n - mazandaran mariene propeller","isPartOf":{"@id":"https:\/\/immp.co\/#website"},"primaryImageOfPage":{"@id":"https:\/\/immp.co\/az\/contact-us\/#primaryimage"},"image":{"@id":"https:\/\/immp.co\/az\/contact-us\/#primaryimage"},"thumbnailUrl":"https:\/\/immp.co\/wp-content\/uploads\/2024\/09\/loc.png","datePublished":"2024-09-09T10:13:03+00:00","dateModified":"2026-02-20T18:19:00+00:00","breadcrumb":{"@id":"https:\/\/immp.co\/az\/contact-us\/#breadcrumb"},"inLanguage":"az","potentialAction":[{"@type":"ReadAction","target":["https:\/\/immp.co\/az\/contact-us\/"]}]},{"@type":"ImageObject","inLanguage":"az","@id":"https:\/\/immp.co\/az\/contact-us\/#primaryimage","url":"https:\/\/immp.co\/wp-content\/uploads\/2024\/09\/loc.png","contentUrl":"https:\/\/immp.co\/wp-content\/uploads\/2024\/09\/loc.png"},{"@type":"BreadcrumbList","@id":"https:\/\/immp.co\/az\/contact-us\/#breadcrumb","itemListElement":[{"@type":"ListItem","position":1,"name":"\u062e\u0627\u0646\u0647","item":"https:\/\/immp.co\/az\/"},{"@type":"ListItem","position":2,"name":"Biziml\u0259 \u0259laq\u0259 saxlay\u0131n"}]},{"@type":"WebSite","@id":"https:\/\/immp.co\/#website","url":"https:\/\/immp.co\/","name":"mazandaran mariene propeller","description":"","publisher":{"@id":"https:\/\/immp.co\/#organization"},"potentialAction":[{"@type":"SearchAction","target":{"@type":"EntryPoint","urlTemplate":"https:\/\/immp.co\/?s={search_term_string}"},"query-input":"required name=search_term_string"}],"inLanguage":"az"},{"@type":"Organization","@id":"https:\/\/immp.co\/#organization","name":"mazandaran mariene propeller","url":"https:\/\/immp.co\/","logo":{"@type":"ImageObject","inLanguage":"az","@id":"https:\/\/immp.co\/#\/schema\/logo\/image\/","url":"https:\/\/immp.co\/wp-content\/uploads\/2024\/06\/IMG_20240625_160657_076-e1719486538267_prev_ui-e1724165564263.png","contentUrl":"https:\/\/immp.co\/wp-content\/uploads\/2024\/06\/IMG_20240625_160657_076-e1719486538267_prev_ui-e1724165564263.png","width":100,"height":100,"caption":"mazandaran mariene propeller"},"image":{"@id":"https:\/\/immp.co\/#\/schema\/logo\/image\/"}}]}},"_links":{"self":[{"href":"https:\/\/immp.co\/az\/wp-json\/wp\/v2\/pages\/12529","targetHints":{"allow":["GET"]}}],"collection":[{"href":"https:\/\/immp.co\/az\/wp-json\/wp\/v2\/pages"}],"about":[{"href":"https:\/\/immp.co\/az\/wp-json\/wp\/v2\/types\/page"}],"author":[{"embeddable":true,"href":"https:\/\/immp.co\/az\/wp-json\/wp\/v2\/users\/1"}],"replies":[{"embeddable":true,"href":"https:\/\/immp.co\/az\/wp-json\/wp\/v2\/comments?post=12529"}],"version-history":[{"count":7,"href":"https:\/\/immp.co\/az\/wp-json\/wp\/v2\/pages\/12529\/revisions"}],"predecessor-version":[{"id":12579,"href":"https:\/\/immp.co\/az\/wp-json\/wp\/v2\/pages\/12529\/revisions\/12579"}],"wp:attachment":[{"href":"https:\/\/immp.co\/az\/wp-json\/wp\/v2\/media?parent=12529"}],"curies":[{"name":"wp","href":"https:\/\/api.w.org\/{rel}","templated":true}]}}